{"id":1610,"date":"2025-04-14T09:54:07","date_gmt":"2025-04-14T08:54:07","guid":{"rendered":"https:\/\/hexxxa.com\/allgemeine-bedingungen-und-konditionen\/"},"modified":"2025-07-14T16:41:47","modified_gmt":"2025-07-14T15:41:47","slug":"allgemeine-bedingungen-und-konditionen","status":"publish","type":"page","link":"https:\/\/hexxxa.com\/de\/allgemeine-bedingungen-und-konditionen\/","title":{"rendered":"Allgemeine Bedingungen und Konditionen"},"content":{"rendered":"\n<h1 class=\"wp-block-heading\">ALLGEMEINE GESCH\u00c4FTSBEDINGUNGEN<\/h1>\n\n<p><strong>HEXXXA SYNERGY<\/strong><br\/><strong>Website: hexxxa.com<\/strong><\/p>\n\n<hr class=\"wp-block-separator has-alpha-channel-opacity\"\/>\n\n<h2 class=\"wp-block-heading\">1. EINLEITENDE BESTIMMUNGEN<\/h2>\n\n<h3 class=\"wp-block-heading\">1.1 Identifizierung des Verk\u00e4ufers<\/h3>\n\n<p><strong>Firmenname:<\/strong> STARTxUP s.r.o.<br\/><strong>Hauptsitz:<\/strong> Prakovce 319, 055 62 Prakovce, Slowakische Republik<br\/><strong>ID:<\/strong> 52337278<br\/><strong>UMSATZSTEUER-IDENTIFIKATIONSNUMMER:<\/strong> 2120989046<br\/><strong>UMSATZSTEUER-IDENTIFIKATIONSNUMMER:<\/strong> SK2120989046<br\/><strong>Eingetragen:<\/strong> im Handelsregister des Stadtgerichts Ko\u0161ice, Abteilung Sro, Einlage Nr. 46205\/V <br\/><strong>Kontakt:<\/strong> info@hexxxa.com, Tel.: +421 915 884 175<\/p>\n\n<h3 class=\"wp-block-heading\">1.2 Grundlegende Konzepte<\/h3>\n\n<ul class=\"wp-block-list\">\n<li><strong>Verk\u00e4ufer:<\/strong> STARTxUP s.r.o.<\/li>\n\n\n\n<li><strong>K\u00e4ufer\/Verbraucher:<\/strong> eine nat\u00fcrliche Person, die einen Vertrag au\u00dferhalb ihrer gesch\u00e4ftlichen T\u00e4tigkeit abschlie\u00dft<\/li>\n\n\n\n<li><strong>Handelsvertrag: ein<\/strong> Vertrag, der zwischen dem Verk\u00e4ufer und dem K\u00e4ufer \u00fcber eine Website geschlossen wird<\/li>\n\n\n\n<li><strong>GTC:<\/strong> diese allgemeinen Gesch\u00e4ftsbedingungen<\/li>\n<\/ul>\n\n<h3 class=\"wp-block-heading\">1.3 G\u00fcltigkeit der Bedingungen<\/h3>\n\n<p>Diese AGB sind g\u00fcltig und wirksam ab dem 01.06.2025. Der Verk\u00e4ufer beh\u00e4lt sich das Recht vor, sie zu \u00e4ndern. Die aktuelle Version der AGB ist immer auf der Website hexxxa.com verf\u00fcgbar.  <\/p>\n\n<hr class=\"wp-block-separator has-alpha-channel-opacity\"\/>\n\n<h2 class=\"wp-block-heading\">2. VERTRAGSABSCHLUSS<\/h2>\n\n<h3 class=\"wp-block-heading\">2.1 Bestellvorgang<\/h3>\n\n<ol class=\"wp-block-list\">\n<li>Der K\u00e4ufer w\u00e4hlt die Waren aus und legt sie in den Einkaufswagen<\/li>\n\n\n\n<li>F\u00fcllt die erforderlichen Daten in das Bestellformular ein<\/li>\n\n\n\n<li>W\u00e4hlen Sie die Zahlungs- und Liefermethode<\/li>\n\n\n\n<li>Best\u00e4tigen Sie die Bestellung, indem Sie auf die Schaltfl\u00e4che \u201eBestellung abschlie\u00dfen\u201c klicken.<\/li>\n\n\n\n<li>Der Verk\u00e4ufer schickt eine Auftragsbest\u00e4tigung an die E-Mail-Adresse des K\u00e4ufers<\/li>\n<\/ol>\n\n<h3 class=\"wp-block-heading\">2.2 Abschluss des Vertrages<\/h3>\n\n<p>Der Vertrag wird zum Zeitpunkt der \u00dcbermittlung der Auftragsbest\u00e4tigung durch den Verk\u00e4ufer an die E-Mail-Adresse des K\u00e4ufers geschlossen.<\/p>\n\n<h3 class=\"wp-block-heading\">2.3 Ablehnung einer Bestellung<\/h3>\n\n<p>Der Verk\u00e4ufer beh\u00e4lt sich das Recht vor, eine Bestellung abzulehnen, insbesondere in den folgenden F\u00e4llen:<\/p>\n\n<ul class=\"wp-block-list\">\n<li>Nichtverf\u00fcgbarkeit von Waren auf Lager<\/li>\n\n\n\n<li>Offensichtliche Fehler im Preis<\/li>\n\n\n\n<li>Unf\u00e4higkeit, die Kontaktdaten des K\u00e4ufers zu \u00fcberpr\u00fcfen<\/li>\n<\/ul>\n\n<hr class=\"wp-block-separator has-alpha-channel-opacity\"\/>\n\n<h2 class=\"wp-block-heading\">3. PREISE UND ZAHLUNGSBEDINGUNGEN<\/h2>\n\n<h3 class=\"wp-block-heading\">3.1 Preise<\/h3>\n\n<ul class=\"wp-block-list\">\n<li>Alle Preise sind in Euro (EUR) inklusive Mehrwertsteuer angegeben.<\/li>\n\n\n\n<li>Der zum Zeitpunkt der Absendung der Bestellung g\u00fcltige Preis der Ware ist bindend<\/li>\n\n\n\n<li>Die Versandkosten werden auf den Preis der Waren aufgeschlagen<\/li>\n<\/ul>\n\n<h3 class=\"wp-block-heading\">3.2 Zahlungsarten<\/h3>\n\n<ul class=\"wp-block-list\">\n<li>Zahlung mit Karte online<\/li>\n\n\n\n<li>Bank\u00fcberweisung<\/li>\n\n\n\n<li>Zahlung bei Lieferung (falls verf\u00fcgbar)<\/li>\n<\/ul>\n\n<h3 class=\"wp-block-heading\">3.3 Reifegrad<\/h3>\n\n<p>Der Preis ist sofort bei Zahlung per Kreditkarte und Bank\u00fcberweisung f\u00e4llig. Bei Lieferung per Nachnahme ist er bei Erhalt der Ware f\u00e4llig. <\/p>\n\n<hr class=\"wp-block-separator has-alpha-channel-opacity\"\/>\n\n<h2 class=\"wp-block-heading\">4. LIEFERUNG VON WAREN<\/h2>\n\n<h3 class=\"wp-block-heading\">4.1 Methoden der Lieferung<\/h3>\n\n<ul class=\"wp-block-list\">\n<li>Kurierdienst<\/li>\n\n\n\n<li>Packeta Ausgabestellen und Ausgabeschachteln<\/li>\n\n\n\n<li>Pers\u00f6nliche Sammlung (falls vorhanden)<\/li>\n<\/ul>\n\n<h3 class=\"wp-block-heading\">4.2 Lieferzeiten<\/h3>\n\n<ul class=\"wp-block-list\">\n<li>Standard 1-3 Werktage ab Zahlungsbest\u00e4tigung<\/li>\n\n\n\n<li>Im Falle der Nichtverf\u00fcgbarkeit der Ware wird der K\u00e4ufer informiert<\/li>\n\n\n\n<li>Die Lieferzeiten k\u00f6nnen sich w\u00e4hrend der Ferien und unter au\u00dfergew\u00f6hnlichen Umst\u00e4nden verl\u00e4ngern.<\/li>\n<\/ul>\n\n<h3 class=\"wp-block-heading\">4.3 Ort der Lieferung<\/h3>\n\n<p>Die Waren werden in der Slowakischen Republik an die vom K\u00e4ufer in der Bestellung angegebene Adresse geliefert.<\/p>\n\n<hr class=\"wp-block-separator has-alpha-channel-opacity\"\/>\n\n<h2 class=\"wp-block-heading\">5. RECHT AUF WIDERRUF<\/h2>\n\n<h3 class=\"wp-block-heading\">5.1 R\u00fccktrittsfrist<\/h3>\n\n<p>Der K\u00e4ufer hat das Recht, innerhalb von 14 Tagen nach Erhalt der Ware ohne Angabe von Gr\u00fcnden vom Vertrag zur\u00fcckzutreten.<\/p>\n\n<h3 class=\"wp-block-heading\">5.2 R\u00fccknahmeverfahren<\/h3>\n\n<ol class=\"wp-block-list\">\n<li>Der K\u00e4ufer schickt eine schriftliche R\u00fccktrittserkl\u00e4rung an die folgende Adresse: info@hexxxa.com<\/li>\n\n\n\n<li>die Waren in ihrem Originalzustand und in der Originalverpackung mit intaktem Sicherheitssiegel zur\u00fcckschicken<\/li>\n\n\n\n<li>Die Kosten f\u00fcr die R\u00fccksendung der Waren gehen zu Lasten des K\u00e4ufers<\/li>\n<\/ol>\n\n<h3 class=\"wp-block-heading\">5.3 R\u00fcckgabebedingungen<\/h3>\n\n<p>Waren k\u00f6nnen nur unter der Voraussetzung zur\u00fcckgegeben werden, dass:<\/p>\n\n<ul class=\"wp-block-list\">\n<li>Das Sicherheitssiegel auf der Verpackung ist nicht gebrochen<\/li>\n\n\n\n<li>Die Waren wurden nicht ge\u00f6ffnet oder benutzt<\/li>\n\n\n\n<li>Die Waren befinden sich in der unversehrten Originalverpackung<\/li>\n\n\n\n<li>Alle Originaletiketten und -kennzeichnungen werden beibehalten.<\/li>\n<\/ul>\n\n<h3 class=\"wp-block-heading\">5.4 Ausschluss des Widerrufsrechtes<\/h3>\n\n<p>Das Widerrufsrecht gilt nicht f\u00fcr:<\/p>\n\n<ul class=\"wp-block-list\">\n<li>Waren mit gebrochenem Sicherheitssiegel<\/li>\n\n\n\n<li>Waren, die ge\u00f6ffnet oder benutzt wurden<\/li>\n\n\n\n<li>Waren, die nach den speziellen Anforderungen des K\u00e4ufers hergestellt werden<\/li>\n\n\n\n<li>Waren, die schnell verderben k\u00f6nnen<\/li>\n\n\n\n<li>Waren in besch\u00e4digter Verpackung<\/li>\n<\/ul>\n\n<h3 class=\"wp-block-heading\">5.5 Erstattungen<\/h3>\n\n<p>Der Verk\u00e4ufer muss alle Zahlungen innerhalb von 14 Tagen nach Erhalt und Pr\u00fcfung der zur\u00fcckgesandten Waren an den K\u00e4ufer zur\u00fccksenden, wobei die Pr\u00fcfung best\u00e4tigen muss, dass die Bedingungen f\u00fcr die R\u00fccksendung der Waren erf\u00fcllt sind (unversehrtes Schutzsiegel, unbesch\u00e4digte Verpackung, unbenutzter Zustand).<\/p>\n\n<h3 class=\"wp-block-heading\">5.6 R\u00fccktrittsformular<\/h3>\n\n<p>Zum Zwecke des R\u00fccktritts vom Vertrag kann der K\u00e4ufer das auf der Website hexxxa.com verf\u00fcgbare Musterformular verwenden oder eine eigene schriftliche Erkl\u00e4rung mit den folgenden Angaben \u00fcbermitteln:<\/p>\n\n<ul class=\"wp-block-list\">\n<li>Vorname und Nachname<\/li>\n\n\n\n<li>Adresse<\/li>\n\n\n\n<li>Bestellnummer<\/li>\n\n\n\n<li>Datum der Bestellung<\/li>\n\n\n\n<li>Kennzeichnung von Waren<\/li>\n\n\n\n<li>Datum und Unterschrift<\/li>\n<\/ul>\n\n<hr class=\"wp-block-separator has-alpha-channel-opacity\"\/>\n\n<h2 class=\"wp-block-heading\">6. HAFTUNG F\u00dcR M\u00c4NGEL UND ANSPR\u00dcCHE<\/h2>\n\n<h3 class=\"wp-block-heading\">6.1 Haftung f\u00fcr M\u00e4ngel<\/h3>\n\n<p>Da es sich bei dem Verkaufsgegenstand um ein Nahrungserg\u00e4nzungsmittel (Kollagenpr\u00e4parat) handelt, f\u00e4llt dieses nicht unter die gesetzliche M\u00e4ngelgew\u00e4hrleistung im Sinne der \u00a7\u00a7 612 ff. B\u00fcrgerliches Gesetzbuch. Der Verk\u00e4ufer haftet jedoch f\u00fcr M\u00e4ngel, die die Ware zum Zeitpunkt des Verkaufs an den K\u00e4ufer aufweist.  <\/p>\n\n<p><strong>Die Mindesthaltbarkeit<\/strong> der Waren ist auf der Produktverpackung angegeben.<\/p>\n\n<h3 class=\"wp-block-heading\">6.2 Reklamationen<\/h3>\n\n<p>Der K\u00e4ufer hat das Recht, die Waren zu reklamieren, falls:<\/p>\n\n<ul class=\"wp-block-list\">\n<li>Besch\u00e4digung von Waren w\u00e4hrend des Transports<\/li>\n\n\n\n<li>Lieferung von anderen als den bestellten Waren<\/li>\n\n\n\n<li>Herstellungsfehler oder -mangel<\/li>\n\n\n\n<li>Besch\u00e4digte Verpackung oder Schutzsiegel bei der Lieferung<\/li>\n<\/ul>\n\n<h3 class=\"wp-block-heading\">6.3 Beschwerdeverfahren<\/h3>\n\n<ol class=\"wp-block-list\">\n<li>Der K\u00e4ufer muss den Mangel unverz\u00fcglich nach seiner Entdeckung schriftlich an info@hexxxa.com melden.<\/li>\n\n\n\n<li>Reichen Sie den Kaufnachweis und eine Beschreibung des Defekts ein<\/li>\n\n\n\n<li>In begr\u00fcndeten F\u00e4llen senden Sie die mangelhaften Waren an die Adresse des Verk\u00e4ufers zur\u00fcck<\/li>\n\n\n\n<li>Der Verk\u00e4ufer muss den Mangel untersuchen und innerhalb von 30 Tagen \u00fcber seine Berechtigung entscheiden<\/li>\n<\/ol>\n\n<h3 class=\"wp-block-heading\">6.4 Bearbeitung von Beschwerden<\/h3>\n\n<p>Wenn es sich um einen Mangel handelt, der behoben werden kann, hat der K\u00e4ufer das Recht, ihn kostenlos, rechtzeitig und ordnungsgem\u00e4\u00df beheben zu lassen. Der Verk\u00e4ufer ist zur unverz\u00fcglichen Beseitigung des Mangels verpflichtet. Der K\u00e4ufer kann anstelle der Beseitigung des Mangels den Austausch der Ware verlangen, sofern dies f\u00fcr den Verk\u00e4ufer nicht mit unverh\u00e4ltnism\u00e4\u00dfigen Kosten verbunden ist.  <\/p>\n\n<p>Liegt ein Mangel vor, der nicht behoben werden kann und der die ordnungsgem\u00e4\u00dfe Nutzung der Ware verhindert, hat der K\u00e4ufer das Recht, die Ware ersetzen zu lassen oder vom Vertrag zur\u00fcckzutreten. Bei anderen nicht behebbaren M\u00e4ngeln hat der K\u00e4ufer Anspruch auf einen angemessenen Nachlass auf den Warenpreis. <\/p>\n\n<p>Die Erledigung der Reklamation bedeutet die Beendigung des Reklamationsverfahrens durch Aush\u00e4ndigung der reparierten Ware, Ersatz der Ware, R\u00fcckerstattung des Kaufpreises der Ware, Zahlung eines angemessenen Nachlasses auf den Preis der Ware oder eine begr\u00fcndete Ablehnung der Reklamation.<\/p>\n\n<h3 class=\"wp-block-heading\">6.5 Professionelle Bewertung des Anspruchs<\/h3>\n\n<p>Wenn der K\u00e4ufer die Ware innerhalb der ersten 12 Monate nach dem Kauf reklamiert, kann der Verk\u00e4ufer die Reklamation nur auf der Grundlage eines professionellen Gutachtens ablehnen. Ungeachtet des Ergebnisses der fachlichen Beurteilung kann der K\u00e4ufer nicht zur Zahlung der Kosten der fachlichen Beurteilung oder anderer Kosten im Zusammenhang mit der fachlichen Beurteilung verpflichtet werden. Der Verk\u00e4ufer muss dem K\u00e4ufer innerhalb von 14 Tagen nach dem Datum der Reklamation eine Kopie des professionellen Gutachtens zukommen lassen, das die Ablehnung der Reklamation begr\u00fcndet.  <\/p>\n\n<p>Wenn der K\u00e4ufer nach Ablauf von 12 Monaten nach dem Kauf eine Reklamation f\u00fcr die Ware eingereicht hat und der Verk\u00e4ufer diese abgelehnt hat, gibt der Verk\u00e4ufer im Reklamationsdokument an, an wen der K\u00e4ufer die Ware zur fachlichen Beurteilung schicken kann. Wenn die Waren zur Begutachtung an eine bestimmte Person geschickt werden, gehen die Kosten f\u00fcr die Begutachtung unabh\u00e4ngig vom Ergebnis zu Lasten des Verk\u00e4ufers. <\/p>\n\n<hr class=\"wp-block-separator has-alpha-channel-opacity\"\/>\n\n<h2 class=\"wp-block-heading\">7. DATENSCHUTZ (GDPR)<\/h2>\n\n<p>Ausf\u00fchrliche Informationen \u00fcber die Verarbeitung personenbezogener Daten finden Sie in unserer <strong><a href=\"https:\/\/hexxxa.com\/zasady-ochrany-osobnych-udajov\/\" class=\"ek-link\">Datenschutzrichtlinie<\/a><\/strong>.<\/p>\n\n<h3 class=\"wp-block-heading\">7.1 Inhaber der Daten<\/h3>\n\n<p>Der Inhaber der personenbezogenen Daten ist STARTxUP s.r.o.<\/p>\n\n<h3 class=\"wp-block-heading\">7.2 Zweck der Verarbeitung<\/h3>\n\n<p>Wir verarbeiten personenbezogene Daten f\u00fcr die folgenden Zwecke:<\/p>\n\n<ul class=\"wp-block-list\">\n<li>Auftragsabwicklung und Lieferung von Waren<\/li>\n\n\n\n<li>Buchhaltung<\/li>\n\n\n\n<li>Marketingkommunikation (mit Zustimmung)<\/li>\n\n\n\n<li>Einhaltung der gesetzlichen Verpflichtungen<\/li>\n<\/ul>\n\n<h3 class=\"wp-block-heading\">7.3 Ihre Rechte<\/h3>\n\n<p>Sie haben das Recht auf Auskunft, Berichtigung, L\u00f6schung, Einschr\u00e4nkung der Verarbeitung, Daten\u00fcbertragbarkeit und Widerspruch gegen die Verarbeitung.<\/p>\n\n<h3 class=\"wp-block-heading\">7.4 Kontakt<\/h3>\n\n<p>Bei Fragen zum Datenschutz wenden Sie sich bitte an: <a href=\"mailto:info@hexxxa.com\">info@hexxxa.com<\/a><\/p>\n\n<hr class=\"wp-block-separator has-alpha-channel-opacity\"\/>\n\n<h2 class=\"wp-block-heading\">8. ALTERNATIVE STREITBEILEGUNG<\/h2>\n\n<h3 class=\"wp-block-heading\">8.1 Au\u00dfergerichtliche L\u00f6sung<\/h3>\n\n<p>Im Falle eines Rechtsstreits kann der K\u00e4ufer Kontakt aufnehmen:<\/p>\n\n<ul class=\"wp-block-list\">\n<li>Slowakische Handelsinspektion (SOI)<\/li>\n\n\n\n<li>Europ\u00e4isches Verbraucherzentrum<\/li>\n\n\n\n<li>Akkreditierte Einrichtungen zur alternativen Streitbeilegung<\/li>\n<\/ul>\n\n<h3 class=\"wp-block-heading\">8.2 Online-Plattform<\/h3>\n\n<p>Zur Beilegung von Streitigkeiten aus Online-K\u00e4ufen k\u00f6nnen Sie die europ\u00e4ische OS-Plattform nutzen: https:\/\/ec.europa.eu\/consumers\/odr\/<\/p>\n\n<h3 class=\"wp-block-heading\">8.3 Aufsichtsbeh\u00f6rde<\/h3>\n\n<p>Die Aufsichtsbeh\u00f6rde im Bereich des Verbraucherschutzes ist die Slowakische Handelsinspektion (SOI), SOI Inspectorate for Ko\u0161ice Region, Vr\u00e1tna 3, 040 01 Ko\u0161ice, Tel.: 055\/7992 411, E-Mail: ke@soi.sk<\/p>\n\n<h3 class=\"wp-block-heading\">8.4 Gerichtliche L\u00f6sung<\/h3>\n\n<p>Im Falle einer erfolglosen au\u00dfergerichtlichen Beilegung werden die Streitigkeiten von den sachlich und \u00f6rtlich zust\u00e4ndigen Gerichten der Slowakischen Republik beigelegt.<\/p>\n\n<hr class=\"wp-block-separator has-alpha-channel-opacity\"\/>\n\n<h2 class=\"wp-block-heading\">9. COOKIES UND WEBTECHNOLOGIEN<\/h2>\n\n<h3 class=\"wp-block-heading\">9.1 Verwendung von Cookies<\/h3>\n\n<p>Die Website verwendet Cookies, um:<\/p>\n\n<ul class=\"wp-block-list\">\n<li>Sicherstellung der Funktionalit\u00e4t der Website<\/li>\n\n\n\n<li>Verkehrsanalyse<\/li>\n\n\n\n<li>Personalisierung von Inhalten<\/li>\n\n\n\n<li>Marketingzwecke (mit Zustimmung)<\/li>\n<\/ul>\n\n<h3 class=\"wp-block-heading\">9.2 Cookies verwalten<\/h3>\n\n<p>Sie k\u00f6nnen die Verwendung von Cookies in Ihren Browsereinstellungen oder \u00fcber unser Cookie-Banner verwalten.<\/p>\n\n<hr class=\"wp-block-separator has-alpha-channel-opacity\"\/>\n\n<h2 class=\"wp-block-heading\">10. SCHLUSSBESTIMMUNGEN<\/h2>\n\n<h3 class=\"wp-block-heading\">10.1 Anwendbares Recht<\/h3>\n\n<p>Auf die vertraglichen Beziehungen findet das Recht der Slowakischen Republik Anwendung.<\/p>\n\n<h3 class=\"wp-block-heading\">10.2 Ung\u00fcltigkeit von Bestimmungen<\/h3>\n\n<p>Im Falle der Ung\u00fcltigkeit einer Bestimmung der AGB bleiben die anderen Bestimmungen weiterhin g\u00fcltig.<\/p>\n\n<h3 class=\"wp-block-heading\">10.3 Kommunikation<\/h3>\n\n<p>Die offizielle Kommunikation erfolgt \u00fcber die folgende E-Mail-Adresse: info@hexxxa.com<\/p>\n\n<h3 class=\"wp-block-heading\">10.4 Archivierung<\/h3>\n\n<p>Der Verk\u00e4ufer archiviert die geschlossenen Vertr\u00e4ge in elektronischer Form und stellt sie dem K\u00e4ufer auf Anfrage zur Verf\u00fcgung.<\/p>\n\n<hr class=\"wp-block-separator has-alpha-channel-opacity\"\/>\n\n<p><strong>Diese Allgemeinen Gesch\u00e4ftsbedingungen treten am 01.06.2025 in Kraft.<\/strong><\/p>\n\n<p><strong>STARTxUP s.r.o.<\/strong><br\/><strong>Prakovce 319, 055 62 Prakovce<\/strong><br\/><strong>info@hexxxa.com<\/strong><\/p>\n\n<hr class=\"wp-block-separator has-alpha-channel-opacity\"\/>\n\n<p><em>Letzte Aktualisierung: 01.06.2025<\/em><\/p>\n","protected":false},"excerpt":{"rendered":"<p>ALLGEMEINE GESCH\u00c4FTSBEDINGUNGEN HEXXXA SYNERGYWebsite: hexxxa.com 1. EINLEITENDE BESTIMMUNGEN 1.1 Identifizierung des Verk\u00e4ufers Firmenname: STARTxUP s.r.o.Hauptsitz: Prakovce 319, 055 62 Prakovce, Slowakische RepublikID: 52337278UMSATZSTEUER-IDENTIFIKATIONSNUMMER: 2120989046UMSATZSTEUER-IDENTIFIKATIONSNUMMER: SK2120989046Eingetragen: im Handelsregister des Stadtgerichts Ko\u0161ice, Abteilung Sro, Einlage Nr. 46205\/V Kontakt: info@hexxxa.com, Tel.: +421 915 884 175 1.2 Grundlegende Konzepte 1.3 G\u00fcltigkeit der Bedingungen Diese AGB sind g\u00fcltig und wirksam [&hellip;]<\/p>\n","protected":false},"author":1,"featured_media":0,"parent":0,"menu_order":0,"comment_status":"closed","ping_status":"closed","template":"","meta":{"_acf_changed":false,"footnotes":""},"class_list":["post-1610","page","type-page","status-publish","hentry"],"acf":[],"_links":{"self":[{"href":"https:\/\/hexxxa.com\/de\/wp-json\/wp\/v2\/pages\/1610","targetHints":{"allow":["GET"]}}],"collection":[{"href":"https:\/\/hexxxa.com\/de\/wp-json\/wp\/v2\/pages"}],"about":[{"href":"https:\/\/hexxxa.com\/de\/wp-json\/wp\/v2\/types\/page"}],"author":[{"embeddable":true,"href":"https:\/\/hexxxa.com\/de\/wp-json\/wp\/v2\/users\/1"}],"replies":[{"embeddable":true,"href":"https:\/\/hexxxa.com\/de\/wp-json\/wp\/v2\/comments?post=1610"}],"version-history":[{"count":8,"href":"https:\/\/hexxxa.com\/de\/wp-json\/wp\/v2\/pages\/1610\/revisions"}],"predecessor-version":[{"id":2798,"href":"https:\/\/hexxxa.com\/de\/wp-json\/wp\/v2\/pages\/1610\/revisions\/2798"}],"wp:attachment":[{"href":"https:\/\/hexxxa.com\/de\/wp-json\/wp\/v2\/media?parent=1610"}],"curies":[{"name":"wp","href":"https:\/\/api.w.org\/{rel}","templated":true}]}}